{"id":438,"date":"2025-03-21T18:58:23","date_gmt":"2025-03-21T17:58:23","guid":{"rendered":"https:\/\/www.overto.fr\/?page_id=438"},"modified":"2025-05-11T19:58:16","modified_gmt":"2025-05-11T17:58:16","slug":"technologies","status":"publish","type":"page","link":"https:\/\/www.overto.fr\/en\/technologies\/","title":{"rendered":"Technologies"},"content":{"rendered":"<div data-elementor-type=\"wp-page\" data-elementor-id=\"438\" class=\"elementor elementor-438\" data-elementor-post-type=\"page\">\n\t\t\t\t<div class=\"elementor-element elementor-element-2772828 elementor-hidden-mobile e-flex e-con-boxed e-con e-parent\" data-id=\"2772828\" data-element_type=\"container\" data-settings=\"{&quot;background_background&quot;:&quot;classic&quot;}\">\n\t\t\t\t\t<div class=\"e-con-inner\">\n\t\t<div class=\"elementor-element elementor-element-df8a40f e-con-full e-flex e-con e-child\" data-id=\"df8a40f\" data-element_type=\"container\">\n\t\t\t\t<div class=\"elementor-element elementor-element-b1a5009 elementor-widget elementor-widget-spacer\" data-id=\"b1a5009\" data-element_type=\"widget\" data-widget_type=\"spacer.default\">\n\t\t\t\t<div class=\"elementor-widget-container\">\n\t\t\t\t\t\t\t<div class=\"elementor-spacer\">\n\t\t\t<div class=\"elementor-spacer-inner\"><\/div>\n\t\t<\/div>\n\t\t\t\t\t\t<\/div>\n\t\t\t\t<\/div>\n\t\t\t\t<div class=\"elementor-element elementor-element-9bdfa5e elementor-widget elementor-widget-jkit_heading\" data-id=\"9bdfa5e\" data-element_type=\"widget\" data-widget_type=\"jkit_heading.default\">\n\t\t\t\t<div class=\"elementor-widget-container\">\n\t\t\t\t\t<div  class=\"jeg-elementor-kit jkit-heading  align- align-tablet- align-mobile- jeg_module___69f0eab470363\" ><div class=\"heading-section-title  display-inline-block\"><h1 class=\"heading-title translation-block\">Platforms empowering your <span class=\"style-color\"><span>CRM<\/span><\/span> transformation<\/h1><\/div><\/div>\t\t\t\t<\/div>\n\t\t\t\t<\/div>\n\t\t\t\t<div class=\"elementor-element elementor-element-2403d16 elementor-widget elementor-widget-text-editor\" data-id=\"2403d16\" data-element_type=\"widget\" data-widget_type=\"text-editor.default\">\n\t\t\t\t<div class=\"elementor-widget-container\">\n\t\t\t\t\t\t\t\t\t<p class=\"translation-block\" data-start=\"333\" data-end=\"742\">Choosing a CRM platform is a <strong data-start=\"371\" data-end=\"396\">foundational decision<\/strong> with a direct impact on your data, processes, and teams.<\/p><p class=\"translation-block\" data-start=\"333\" data-end=\"742\">With a 100% vendor-independent approach, Overto supports you in evaluating, selecting, and integrating market-leading solutions (<strong data-start=\"590\" data-end=\"640\">Salesforce, Microsoft Dynamics 365, and Zoho CRM<\/strong>) based on your business challenges, digital maturity, and growth objectives.<\/p>\t\t\t\t\t\t\t\t<\/div>\n\t\t\t\t<\/div>\n\t\t\t\t<div class=\"elementor-element elementor-element-16e3707 elementor-widget elementor-widget-spacer\" data-id=\"16e3707\" data-element_type=\"widget\" data-widget_type=\"spacer.default\">\n\t\t\t\t<div class=\"elementor-widget-container\">\n\t\t\t\t\t\t\t<div class=\"elementor-spacer\">\n\t\t\t<div class=\"elementor-spacer-inner\"><\/div>\n\t\t<\/div>\n\t\t\t\t\t\t<\/div>\n\t\t\t\t<\/div>\n\t\t\t\t<\/div>\n\t\t\t\t\t<\/div>\n\t\t\t\t<\/div>\n\t\t<div class=\"elementor-element elementor-element-8df9439 elementor-hidden-desktop elementor-hidden-tablet e-flex e-con-boxed e-con e-parent\" data-id=\"8df9439\" data-element_type=\"container\" data-settings=\"{&quot;background_background&quot;:&quot;classic&quot;}\">\n\t\t\t\t\t<div class=\"e-con-inner\">\n\t\t<div class=\"elementor-element elementor-element-79eefa1 e-con-full e-flex e-con e-child\" data-id=\"79eefa1\" data-element_type=\"container\">\n\t\t\t\t<div class=\"elementor-element elementor-element-381f03e elementor-widget elementor-widget-jkit_heading\" data-id=\"381f03e\" data-element_type=\"widget\" data-widget_type=\"jkit_heading.default\">\n\t\t\t\t<div class=\"elementor-widget-container\">\n\t\t\t\t\t<div  class=\"jeg-elementor-kit jkit-heading  align- align-tablet- align-mobile- jeg_module__1_69f0eab47194a\" ><div class=\"heading-section-title  display-inline-block\"><h1 class=\"heading-title\">Overto : Partenaire <span class=\"style-color\"><span> ind\u00e9pendant <\/span><\/span> pour structurer et piloter votre transformation CRM<\/h1><\/div><\/div>\t\t\t\t<\/div>\n\t\t\t\t<\/div>\n\t\t\t\t<div class=\"elementor-element elementor-element-777fd1f elementor-widget elementor-widget-text-editor\" data-id=\"777fd1f\" data-element_type=\"widget\" data-widget_type=\"text-editor.default\">\n\t\t\t\t<div class=\"elementor-widget-container\">\n\t\t\t\t\t\t\t\t\t<div class=\"elementor-element elementor-element-2403d16 elementor-widget elementor-widget-text-editor\" data-id=\"2403d16\" data-element_type=\"widget\" data-widget_type=\"text-editor.default\"><div class=\"elementor-widget-container\"><div class=\"elementor-element elementor-element-6ec439d elementor-widget elementor-widget-text-editor\" data-id=\"6ec439d\" data-element_type=\"widget\" data-widget_type=\"text-editor.default\"><div class=\"elementor-widget-container\"><p class=\"translation-block\" data-start=\"400\" data-end=\"633\">At <strong data-start=\"405\" data-end=\"415\">Overto<\/strong>, we do not sell licenses. We are not tied to any vendor.<\/p><p class=\"translation-block\" data-start=\"400\" data-end=\"633\">We support you with full independence to make your CRM <strong data-start=\"559\" data-end=\"632\">a driver of performance, governance, and organizational alignment<\/strong>.<\/p><p class=\"translation-block\" data-start=\"635\" data-end=\"850\">Our difference: a <strong data-start=\"658\" data-end=\"704\">dual business and technology expertise<\/strong>, a results-driven culture, and an approach designed to meet the demands of executive, sales, marketing, IT, and operations leadership.<\/p><\/div><\/div><\/div><\/div>\t\t\t\t\t\t\t\t<\/div>\n\t\t\t\t<\/div>\n\t\t\t\t<\/div>\n\t\t\t\t\t<\/div>\n\t\t\t\t<\/div>\n\t\t<div class=\"elementor-element elementor-element-7cd845d e-flex e-con-boxed e-con e-parent\" data-id=\"7cd845d\" data-element_type=\"container\">\n\t\t\t\t\t<div class=\"e-con-inner\">\n\t\t<div class=\"elementor-element elementor-element-bb39a5d e-con-full e-flex e-con e-child\" data-id=\"bb39a5d\" data-element_type=\"container\">\n\t\t\t\t<div class=\"elementor-element elementor-element-8cc09a9 elementor-widget elementor-widget-jkit_heading\" data-id=\"8cc09a9\" data-element_type=\"widget\" data-widget_type=\"jkit_heading.default\">\n\t\t\t\t<div class=\"elementor-widget-container\">\n\t\t\t\t\t<div  class=\"jeg-elementor-kit jkit-heading  align-center align-tablet- align-mobile- jeg_module__2_69f0eab472a70\" ><div class=\"heading-section-title  display-inline\"><h1 class=\"heading-title translation-block\"><span class=\"style-color\"><span>CRM<\/span><\/span> technology: a high-impact decision<\/h1><\/div><\/div>\t\t\t\t<\/div>\n\t\t\t\t<\/div>\n\t\t\t\t<div class=\"elementor-element elementor-element-59b3f0d elementor-widget elementor-widget-text-editor\" data-id=\"59b3f0d\" data-element_type=\"widget\" data-widget_type=\"text-editor.default\">\n\t\t\t\t<div class=\"elementor-widget-container\">\n\t\t\t\t\t\t\t\t\t<p>Overto helps you select and deploy the CRM solution best suited to your needs, whether Salesforce, Microsoft Dynamics, or Zoho CRM, with complete vendor neutrality.<\/p>\t\t\t\t\t\t\t\t<\/div>\n\t\t\t\t<\/div>\n\t\t\t\t<\/div>\n\t\t\t\t\t<\/div>\n\t\t\t\t<\/div>\n\t\t<div class=\"elementor-element elementor-element-c1e91a1 e-flex e-con-boxed e-con e-parent\" data-id=\"c1e91a1\" data-element_type=\"container\">\n\t\t\t\t\t<div class=\"e-con-inner\">\n\t\t\t\t<div class=\"elementor-element elementor-element-15130fc elementor-widget elementor-widget-image\" data-id=\"15130fc\" data-element_type=\"widget\" data-widget_type=\"image.default\">\n\t\t\t\t<div class=\"elementor-widget-container\">\n\t\t\t\t\t\t\t\t\t\t\t\t\t\t\t<img fetchpriority=\"high\" decoding=\"async\" width=\"800\" height=\"450\" src=\"https:\/\/www.overto.fr\/wp-content\/uploads\/2025\/03\/8-1024x576.png\" class=\"attachment-large size-large wp-image-128\" alt=\"\" srcset=\"https:\/\/www.overto.fr\/wp-content\/uploads\/2025\/03\/8-1024x576.png 1024w, https:\/\/www.overto.fr\/wp-content\/uploads\/2025\/03\/8-300x169.png 300w, https:\/\/www.overto.fr\/wp-content\/uploads\/2025\/03\/8-768x432.png 768w, https:\/\/www.overto.fr\/wp-content\/uploads\/2025\/03\/8-1536x864.png 1536w, https:\/\/www.overto.fr\/wp-content\/uploads\/2025\/03\/8.png 1920w\" sizes=\"(max-width: 800px) 100vw, 800px\" \/>\t\t\t\t\t\t\t\t\t\t\t\t\t\t\t<\/div>\n\t\t\t\t<\/div>\n\t\t\t\t\t<\/div>\n\t\t\t\t<\/div>\n\t\t<div class=\"elementor-element elementor-element-f6c4464 e-flex e-con-boxed e-con e-parent\" data-id=\"f6c4464\" data-element_type=\"container\">\n\t\t\t\t\t<div class=\"e-con-inner\">\n\t\t<div class=\"elementor-element elementor-element-d359487 e-con-full e-flex e-con e-child\" data-id=\"d359487\" data-element_type=\"container\">\n\t\t\t\t<div class=\"elementor-element elementor-element-7c214cb elementor-widget elementor-widget-jkit_heading\" data-id=\"7c214cb\" data-element_type=\"widget\" data-widget_type=\"jkit_heading.default\">\n\t\t\t\t<div class=\"elementor-widget-container\">\n\t\t\t\t\t<div  class=\"jeg-elementor-kit jkit-heading  align- align-tablet- align-mobile- jeg_module__3_69f0eab473a26\" ><div class=\"heading-section-title  display-inline-block\"><h1 class=\"heading-title translation-block\"><span class=\"style-color\"><span>Salesforce: <\/span><\/span> a tailored CRM solution for maximum performance<\/h1><\/div><\/div>\t\t\t\t<\/div>\n\t\t\t\t<\/div>\n\t\t\t\t<div class=\"elementor-element elementor-element-513923c elementor-widget elementor-widget-text-editor\" data-id=\"513923c\" data-element_type=\"widget\" data-widget_type=\"text-editor.default\">\n\t\t\t\t<div class=\"elementor-widget-container\">\n\t\t\t\t\t\t\t\t\t<p class=\"\" data-start=\"756\" data-end=\"1025\">Salesforce is renowned for its powerful customization, integration, and analytics capabilities. It provides you with comprehensive tools to optimize your processes, enhance data visibility, and foster collaboration across your teams.<\/p><p class=\"translation-block\" data-start=\"1027\" data-end=\"1260\"><strong data-start=\"1027\" data-end=\"1042\">With Overto<\/strong>, benefit from a smooth implementation and dedicated support to align Salesforce with your strategic objectives. Your teams quickly adopt the tool, and you secure a lasting return on investment.<\/p>\t\t\t\t\t\t\t\t<\/div>\n\t\t\t\t<\/div>\n\t\t\t\t<div class=\"elementor-element elementor-element-e7e073e e-transform elementor-widget elementor-widget-jkit_button\" data-id=\"e7e073e\" data-element_type=\"widget\" data-settings=\"{&quot;_transform_scale_effect_hover&quot;:{&quot;unit&quot;:&quot;px&quot;,&quot;size&quot;:1.03,&quot;sizes&quot;:[]},&quot;_transform_scale_effect_hover_tablet&quot;:{&quot;unit&quot;:&quot;px&quot;,&quot;size&quot;:&quot;&quot;,&quot;sizes&quot;:[]},&quot;_transform_scale_effect_hover_mobile&quot;:{&quot;unit&quot;:&quot;px&quot;,&quot;size&quot;:&quot;&quot;,&quot;sizes&quot;:[]}}\" data-widget_type=\"jkit_button.default\">\n\t\t\t\t<div class=\"elementor-widget-container\">\n\t\t\t\t\t<div  class=\"jeg-elementor-kit jkit-button  icon-position-after jeg_module__4_69f0eab47557c\" ><a href=\"https:\/\/www.overto.fr\/en\/salesforce\/\" class=\"jkit-button-wrapper\">See what Salesforce can do<\/a><\/div>\t\t\t\t<\/div>\n\t\t\t\t<\/div>\n\t\t\t\t<\/div>\n\t\t<div class=\"elementor-element elementor-element-ede84ce e-con-full e-flex e-con e-child\" data-id=\"ede84ce\" data-element_type=\"container\">\n\t\t\t\t<div class=\"elementor-element elementor-element-8b5d132 elementor-widget elementor-widget-image\" data-id=\"8b5d132\" data-element_type=\"widget\" data-widget_type=\"image.default\">\n\t\t\t\t<div class=\"elementor-widget-container\">\n\t\t\t\t\t\t\t\t\t\t\t\t\t\t\t<img decoding=\"async\" width=\"2000\" height=\"1333\" src=\"https:\/\/www.overto.fr\/wp-content\/uploads\/2025\/03\/happy-group-of-business-people-discussing-strategy-during-team-meeting-at-the-office-desk-together-1.jpg\" class=\"attachment-full size-full wp-image-463\" alt=\"Happy group of business people discussing strategy during team meeting at the office desk together\" srcset=\"https:\/\/www.overto.fr\/wp-content\/uploads\/2025\/03\/happy-group-of-business-people-discussing-strategy-during-team-meeting-at-the-office-desk-together-1.jpg 2000w, https:\/\/www.overto.fr\/wp-content\/uploads\/2025\/03\/happy-group-of-business-people-discussing-strategy-during-team-meeting-at-the-office-desk-together-1-300x200.jpg 300w, https:\/\/www.overto.fr\/wp-content\/uploads\/2025\/03\/happy-group-of-business-people-discussing-strategy-during-team-meeting-at-the-office-desk-together-1-1024x682.jpg 1024w, https:\/\/www.overto.fr\/wp-content\/uploads\/2025\/03\/happy-group-of-business-people-discussing-strategy-during-team-meeting-at-the-office-desk-together-1-768x512.jpg 768w, https:\/\/www.overto.fr\/wp-content\/uploads\/2025\/03\/happy-group-of-business-people-discussing-strategy-during-team-meeting-at-the-office-desk-together-1-1536x1024.jpg 1536w\" sizes=\"(max-width: 2000px) 100vw, 2000px\" \/>\t\t\t\t\t\t\t\t\t\t\t\t\t\t\t<\/div>\n\t\t\t\t<\/div>\n\t\t\t\t<\/div>\n\t\t\t\t\t<\/div>\n\t\t\t\t<\/div>\n\t\t<div class=\"elementor-element elementor-element-125f89c e-flex e-con-boxed e-con e-parent\" data-id=\"125f89c\" data-element_type=\"container\">\n\t\t\t\t\t<div class=\"e-con-inner\">\n\t\t\t\t<div class=\"elementor-element elementor-element-abcb72b elementor-widget elementor-widget-image\" data-id=\"abcb72b\" data-element_type=\"widget\" data-widget_type=\"image.default\">\n\t\t\t\t<div class=\"elementor-widget-container\">\n\t\t\t\t\t\t\t\t\t\t\t\t\t\t\t<img decoding=\"async\" width=\"800\" height=\"450\" src=\"https:\/\/www.overto.fr\/wp-content\/uploads\/2025\/03\/7-1024x576.png\" class=\"attachment-large size-large wp-image-127\" alt=\"\" srcset=\"https:\/\/www.overto.fr\/wp-content\/uploads\/2025\/03\/7-1024x576.png 1024w, https:\/\/www.overto.fr\/wp-content\/uploads\/2025\/03\/7-300x169.png 300w, https:\/\/www.overto.fr\/wp-content\/uploads\/2025\/03\/7-768x432.png 768w, https:\/\/www.overto.fr\/wp-content\/uploads\/2025\/03\/7-1536x864.png 1536w, https:\/\/www.overto.fr\/wp-content\/uploads\/2025\/03\/7.png 1920w\" sizes=\"(max-width: 800px) 100vw, 800px\" \/>\t\t\t\t\t\t\t\t\t\t\t\t\t\t\t<\/div>\n\t\t\t\t<\/div>\n\t\t\t\t\t<\/div>\n\t\t\t\t<\/div>\n\t\t<div class=\"elementor-element elementor-element-bfe0559 e-flex e-con-boxed e-con e-parent\" data-id=\"bfe0559\" data-element_type=\"container\">\n\t\t\t\t\t<div class=\"e-con-inner\">\n\t\t<div class=\"elementor-element elementor-element-4f0ae4f e-con-full e-flex e-con e-child\" data-id=\"4f0ae4f\" data-element_type=\"container\">\n\t\t\t\t<div class=\"elementor-element elementor-element-46b0ef6 elementor-widget elementor-widget-jkit_heading\" data-id=\"46b0ef6\" data-element_type=\"widget\" data-widget_type=\"jkit_heading.default\">\n\t\t\t\t<div class=\"elementor-widget-container\">\n\t\t\t\t\t<div  class=\"jeg-elementor-kit jkit-heading  align- align-tablet- align-mobile- jeg_module__5_69f0eab475f7c\" ><div class=\"heading-section-title  display-inline-block\"><h1 class=\"heading-title translation-block\"><span class=\"style-color\"><span>Microsoft Dynamics:<\/span><\/span> unified operations for greater efficiency<\/h1><\/div><\/div>\t\t\t\t<\/div>\n\t\t\t\t<\/div>\n\t\t\t\t<div class=\"elementor-element elementor-element-37ca707 elementor-widget elementor-widget-text-editor\" data-id=\"37ca707\" data-element_type=\"widget\" data-widget_type=\"text-editor.default\">\n\t\t\t\t<div class=\"elementor-widget-container\">\n\t\t\t\t\t\t\t\t\t<p class=\"\" data-start=\"2030\" data-end=\"2305\">Microsoft Dynamics centralizes your data and enhances your processes, from marketing to sales management and customer service. Ideal for mid-sized to large companies, it integrates with the Microsoft ecosystem, offering a unified view and scalability tailored to your growth.<\/p><p class=\"translation-block\" data-start=\"2030\" data-end=\"2305\"><strong>At Overto,<\/strong> we tailor Dynamics to your needs, ensuring a smooth implementation and lasting impact on your performance.<\/p>\t\t\t\t\t\t\t\t<\/div>\n\t\t\t\t<\/div>\n\t\t\t\t<div class=\"elementor-element elementor-element-bb267b9 e-transform elementor-widget elementor-widget-jkit_button\" data-id=\"bb267b9\" data-element_type=\"widget\" data-settings=\"{&quot;_transform_scale_effect_hover&quot;:{&quot;unit&quot;:&quot;px&quot;,&quot;size&quot;:1.03,&quot;sizes&quot;:[]},&quot;_transform_scale_effect_hover_tablet&quot;:{&quot;unit&quot;:&quot;px&quot;,&quot;size&quot;:&quot;&quot;,&quot;sizes&quot;:[]},&quot;_transform_scale_effect_hover_mobile&quot;:{&quot;unit&quot;:&quot;px&quot;,&quot;size&quot;:&quot;&quot;,&quot;sizes&quot;:[]}}\" data-widget_type=\"jkit_button.default\">\n\t\t\t\t<div class=\"elementor-widget-container\">\n\t\t\t\t\t<div  class=\"jeg-elementor-kit jkit-button  icon-position-after jeg_module__6_69f0eab476e69\" ><a href=\"https:\/\/www.overto.fr\/en\/microsoft-dynamics\/\" class=\"jkit-button-wrapper\">Explore Dynamics now<\/a><\/div>\t\t\t\t<\/div>\n\t\t\t\t<\/div>\n\t\t\t\t<\/div>\n\t\t<div class=\"elementor-element elementor-element-1b5498d e-con-full e-flex e-con e-child\" data-id=\"1b5498d\" data-element_type=\"container\">\n\t\t\t\t<div class=\"elementor-element elementor-element-dc04d5e elementor-widget elementor-widget-image\" data-id=\"dc04d5e\" data-element_type=\"widget\" data-widget_type=\"image.default\">\n\t\t\t\t<div class=\"elementor-widget-container\">\n\t\t\t\t\t\t\t\t\t\t\t\t\t\t\t<img loading=\"lazy\" decoding=\"async\" width=\"2000\" height=\"1307\" src=\"https:\/\/www.overto.fr\/wp-content\/uploads\/2025\/03\/business-team-in-co-working-creative-space.jpg\" class=\"attachment-full size-full wp-image-466\" alt=\"Business team in co-working creative space\" srcset=\"https:\/\/www.overto.fr\/wp-content\/uploads\/2025\/03\/business-team-in-co-working-creative-space.jpg 2000w, https:\/\/www.overto.fr\/wp-content\/uploads\/2025\/03\/business-team-in-co-working-creative-space-300x196.jpg 300w, https:\/\/www.overto.fr\/wp-content\/uploads\/2025\/03\/business-team-in-co-working-creative-space-1024x669.jpg 1024w, https:\/\/www.overto.fr\/wp-content\/uploads\/2025\/03\/business-team-in-co-working-creative-space-768x502.jpg 768w, https:\/\/www.overto.fr\/wp-content\/uploads\/2025\/03\/business-team-in-co-working-creative-space-1536x1004.jpg 1536w\" sizes=\"(max-width: 2000px) 100vw, 2000px\" \/>\t\t\t\t\t\t\t\t\t\t\t\t\t\t\t<\/div>\n\t\t\t\t<\/div>\n\t\t\t\t<\/div>\n\t\t\t\t\t<\/div>\n\t\t\t\t<\/div>\n\t\t<div class=\"elementor-element elementor-element-1ae855c e-flex e-con-boxed e-con e-parent\" data-id=\"1ae855c\" data-element_type=\"container\">\n\t\t\t\t\t<div class=\"e-con-inner\">\n\t\t\t\t<div class=\"elementor-element elementor-element-8b4feb8 elementor-widget elementor-widget-image\" data-id=\"8b4feb8\" data-element_type=\"widget\" data-widget_type=\"image.default\">\n\t\t\t\t<div class=\"elementor-widget-container\">\n\t\t\t\t\t\t\t\t\t\t\t\t\t\t\t<img loading=\"lazy\" decoding=\"async\" width=\"800\" height=\"450\" src=\"https:\/\/www.overto.fr\/wp-content\/uploads\/2025\/03\/9-1024x576.png\" class=\"attachment-large size-large wp-image-129\" alt=\"\" srcset=\"https:\/\/www.overto.fr\/wp-content\/uploads\/2025\/03\/9-1024x576.png 1024w, https:\/\/www.overto.fr\/wp-content\/uploads\/2025\/03\/9-300x169.png 300w, https:\/\/www.overto.fr\/wp-content\/uploads\/2025\/03\/9-768x432.png 768w, https:\/\/www.overto.fr\/wp-content\/uploads\/2025\/03\/9-1536x864.png 1536w, https:\/\/www.overto.fr\/wp-content\/uploads\/2025\/03\/9.png 1920w\" sizes=\"(max-width: 800px) 100vw, 800px\" \/>\t\t\t\t\t\t\t\t\t\t\t\t\t\t\t<\/div>\n\t\t\t\t<\/div>\n\t\t\t\t\t<\/div>\n\t\t\t\t<\/div>\n\t\t<div class=\"elementor-element elementor-element-f3f46d2 e-flex e-con-boxed e-con e-parent\" data-id=\"f3f46d2\" data-element_type=\"container\">\n\t\t\t\t\t<div class=\"e-con-inner\">\n\t\t<div class=\"elementor-element elementor-element-1d0fa06 e-con-full e-flex e-con e-child\" data-id=\"1d0fa06\" data-element_type=\"container\">\n\t\t\t\t<div class=\"elementor-element elementor-element-e63e7c1 elementor-widget elementor-widget-jkit_heading\" data-id=\"e63e7c1\" data-element_type=\"widget\" data-widget_type=\"jkit_heading.default\">\n\t\t\t\t<div class=\"elementor-widget-container\">\n\t\t\t\t\t<div  class=\"jeg-elementor-kit jkit-heading  align- align-tablet- align-mobile- jeg_module__7_69f0eab4777e1\" ><div class=\"heading-section-title  display-inline-block\"><h1 class=\"heading-title translation-block\"><span class=\"style-color\"><span>Zoho CRM:<\/span><\/span> simplified management to support your growth<\/h1><\/div><\/div>\t\t\t\t<\/div>\n\t\t\t\t<\/div>\n\t\t\t\t<div class=\"elementor-element elementor-element-44acff7 elementor-widget elementor-widget-text-editor\" data-id=\"44acff7\" data-element_type=\"widget\" data-widget_type=\"text-editor.default\">\n\t\t\t\t<div class=\"elementor-widget-container\">\n\t\t\t\t\t\t\t\t\t<p>Zoho CRM perfectly meets the needs of mid-sized and growing companies. With a simple interface, flexible features, and seamless integration with Zoho tools, it centralizes your operations while keeping costs under control.<\/p><p class=\"translation-block\"><strong>At Overto,<\/strong> we tailor Zoho CRM to your processes and objectives. From implementation to support, we guide you to ensure rapid adoption and optimal return on investment.<\/p>\t\t\t\t\t\t\t\t<\/div>\n\t\t\t\t<\/div>\n\t\t\t\t<div class=\"elementor-element elementor-element-d15d98e e-transform elementor-widget elementor-widget-jkit_button\" data-id=\"d15d98e\" data-element_type=\"widget\" data-settings=\"{&quot;_transform_scale_effect_hover&quot;:{&quot;unit&quot;:&quot;px&quot;,&quot;size&quot;:1.03,&quot;sizes&quot;:[]},&quot;_transform_scale_effect_hover_tablet&quot;:{&quot;unit&quot;:&quot;px&quot;,&quot;size&quot;:&quot;&quot;,&quot;sizes&quot;:[]},&quot;_transform_scale_effect_hover_mobile&quot;:{&quot;unit&quot;:&quot;px&quot;,&quot;size&quot;:&quot;&quot;,&quot;sizes&quot;:[]}}\" data-widget_type=\"jkit_button.default\">\n\t\t\t\t<div class=\"elementor-widget-container\">\n\t\t\t\t\t<div  class=\"jeg-elementor-kit jkit-button  icon-position-after jeg_module__8_69f0eab4786d8\" ><a href=\"https:\/\/www.overto.fr\/en\/zoho-crm\/\" class=\"jkit-button-wrapper\">Discover Zoho CRM<\/a><\/div>\t\t\t\t<\/div>\n\t\t\t\t<\/div>\n\t\t\t\t<\/div>\n\t\t<div class=\"elementor-element elementor-element-0734df2 e-con-full e-flex e-con e-child\" data-id=\"0734df2\" data-element_type=\"container\">\n\t\t\t\t<div class=\"elementor-element elementor-element-e610f26 elementor-widget elementor-widget-image\" data-id=\"e610f26\" data-element_type=\"widget\" data-widget_type=\"image.default\">\n\t\t\t\t<div class=\"elementor-widget-container\">\n\t\t\t\t\t\t\t\t\t\t\t\t\t\t\t<img loading=\"lazy\" decoding=\"async\" width=\"2000\" height=\"1334\" src=\"https:\/\/www.overto.fr\/wp-content\/uploads\/2025\/03\/accounting-business-team-happy-about-company-financial-growth-and-strategy-in-a-meeting-in-an-offic-e1742661248320.jpg\" class=\"attachment-full size-full wp-image-465\" alt=\"Accounting business team happy about company financial growth and strategy in a meeting in an offic\" srcset=\"https:\/\/www.overto.fr\/wp-content\/uploads\/2025\/03\/accounting-business-team-happy-about-company-financial-growth-and-strategy-in-a-meeting-in-an-offic-e1742661248320.jpg 2000w, https:\/\/www.overto.fr\/wp-content\/uploads\/2025\/03\/accounting-business-team-happy-about-company-financial-growth-and-strategy-in-a-meeting-in-an-offic-e1742661248320-300x200.jpg 300w, https:\/\/www.overto.fr\/wp-content\/uploads\/2025\/03\/accounting-business-team-happy-about-company-financial-growth-and-strategy-in-a-meeting-in-an-offic-e1742661248320-1024x683.jpg 1024w, https:\/\/www.overto.fr\/wp-content\/uploads\/2025\/03\/accounting-business-team-happy-about-company-financial-growth-and-strategy-in-a-meeting-in-an-offic-e1742661248320-768x512.jpg 768w, https:\/\/www.overto.fr\/wp-content\/uploads\/2025\/03\/accounting-business-team-happy-about-company-financial-growth-and-strategy-in-a-meeting-in-an-offic-e1742661248320-1536x1025.jpg 1536w\" sizes=\"(max-width: 2000px) 100vw, 2000px\" \/>\t\t\t\t\t\t\t\t\t\t\t\t\t\t\t<\/div>\n\t\t\t\t<\/div>\n\t\t\t\t<\/div>\n\t\t\t\t\t<\/div>\n\t\t\t\t<\/div>\n\t\t\t\t<\/div>","protected":false},"excerpt":{"rendered":"<p>Les technologies au service de votre transformation CRM Le choix d\u2019une plateforme CRM est une d\u00e9cision structurante, avec un impact direct sur vos donn\u00e9es, vos process et vos \u00e9quipes. Avec une approche 100% ind\u00e9pendante des \u00e9diteurs, Overto vous accompagne dans l\u2019\u00e9valuation, la s\u00e9lection et l\u2019int\u00e9gration des solutions leaders du march\u00e9 (Salesforce, Microsoft Dynamics 365 et [&hellip;]<\/p>","protected":false},"author":1,"featured_media":0,"parent":0,"menu_order":0,"comment_status":"closed","ping_status":"closed","template":"elementor_header_footer","meta":{"_acf_changed":false,"footnotes":""},"class_list":["post-438","page","type-page","status-publish","hentry"],"acf":[],"_links":{"self":[{"href":"https:\/\/www.overto.fr\/en\/wp-json\/wp\/v2\/pages\/438","targetHints":{"allow":["GET"]}}],"collection":[{"href":"https:\/\/www.overto.fr\/en\/wp-json\/wp\/v2\/pages"}],"about":[{"href":"https:\/\/www.overto.fr\/en\/wp-json\/wp\/v2\/types\/page"}],"author":[{"embeddable":true,"href":"https:\/\/www.overto.fr\/en\/wp-json\/wp\/v2\/users\/1"}],"replies":[{"embeddable":true,"href":"https:\/\/www.overto.fr\/en\/wp-json\/wp\/v2\/comments?post=438"}],"version-history":[{"count":131,"href":"https:\/\/www.overto.fr\/en\/wp-json\/wp\/v2\/pages\/438\/revisions"}],"predecessor-version":[{"id":2562,"href":"https:\/\/www.overto.fr\/en\/wp-json\/wp\/v2\/pages\/438\/revisions\/2562"}],"wp:attachment":[{"href":"https:\/\/www.overto.fr\/en\/wp-json\/wp\/v2\/media?parent=438"}],"curies":[{"name":"wp","href":"https:\/\/api.w.org\/{rel}","templated":true}]}}