{"id":2305,"date":"2025-04-23T11:24:59","date_gmt":"2025-04-23T09:24:59","guid":{"rendered":"https:\/\/www.overto.fr\/?page_id=2305"},"modified":"2025-05-11T18:17:03","modified_gmt":"2025-05-11T16:17:03","slug":"nous-rejoindre","status":"publish","type":"page","link":"https:\/\/www.overto.fr\/en\/nous-rejoindre\/","title":{"rendered":"Careers at Overto"},"content":{"rendered":"<div data-elementor-type=\"wp-page\" data-elementor-id=\"2305\" class=\"elementor elementor-2305\" data-elementor-post-type=\"page\">\n\t\t\t\t<div class=\"elementor-element elementor-element-b084685 e-con-full elementor-hidden-mobile e-flex e-con e-parent\" data-id=\"b084685\" data-element_type=\"container\" data-settings=\"{&quot;background_background&quot;:&quot;classic&quot;}\">\n\t\t<div class=\"elementor-element elementor-element-fdb599a e-con-full e-flex e-con e-child\" data-id=\"fdb599a\" data-element_type=\"container\">\n\t\t\t\t<div class=\"elementor-element elementor-element-93bd3bb elementor-widget elementor-widget-jkit_heading\" data-id=\"93bd3bb\" data-element_type=\"widget\" data-widget_type=\"jkit_heading.default\">\n\t\t\t\t<div class=\"elementor-widget-container\">\n\t\t\t\t\t<div  class=\"jeg-elementor-kit jkit-heading  align- align-tablet- align-mobile- jeg_module___69f0e92d4d908\" ><div class=\"heading-section-title  display-inline-block\"><h1 class=\"heading-title\">Rejoindre <span class=\"style-color\"><span>Overto <\/span><\/span> : contribuer \u00e0 des projets qui transforment r\u00e9ellement les organisations<\/h1><\/div><\/div>\t\t\t\t<\/div>\n\t\t\t\t<\/div>\n\t\t\t\t<div class=\"elementor-element elementor-element-62f1ec1 elementor-widget__width-initial elementor-widget elementor-widget-text-editor\" data-id=\"62f1ec1\" data-element_type=\"widget\" data-widget_type=\"text-editor.default\">\n\t\t\t\t<div class=\"elementor-widget-container\">\n\t\t\t\t\t\t\t\t\t<p>Chez Overto, nous ne faisons pas \u201cdu CRM\u201d.<br \/>Nous accompagnons des entreprises ambitieuses dans des <strong>transformations strat\u00e9giques complexes<\/strong>, en alignant leurs processus, leurs donn\u00e9es et leurs \u00e9quipes autour de plateformes puissantes comme Salesforce, Dynamics ou Zoho.<\/p><p>Rejoindre Overto, c\u2019est int\u00e9grer un cabinet ind\u00e9pendant qui <strong>valorise la rigueur, l\u2019autonomie et l\u2019intelligence collective<\/strong>, au service de r\u00e9sultats mesurables chez nos clients.<\/p>\t\t\t\t\t\t\t\t<\/div>\n\t\t\t\t<\/div>\n\t\t\t\t<\/div>\n\t\t<div class=\"elementor-element elementor-element-18a481d e-con-full elementor-hidden-tablet elementor-hidden-mobile e-flex e-con e-child\" data-id=\"18a481d\" data-element_type=\"container\">\n\t\t\t\t<\/div>\n\t\t\t\t<\/div>\n\t\t<div class=\"elementor-element elementor-element-0bed424 e-con-full elementor-hidden-desktop elementor-hidden-tablet e-flex e-con e-parent\" data-id=\"0bed424\" data-element_type=\"container\" data-settings=\"{&quot;background_background&quot;:&quot;classic&quot;}\">\n\t\t<div class=\"elementor-element elementor-element-f126b59 e-con-full e-flex e-con e-child\" data-id=\"f126b59\" data-element_type=\"container\">\n\t\t\t\t<div class=\"elementor-element elementor-element-42fa437 elementor-hidden-desktop elementor-widget elementor-widget-jkit_heading\" data-id=\"42fa437\" data-element_type=\"widget\" data-widget_type=\"jkit_heading.default\">\n\t\t\t\t<div class=\"elementor-widget-container\">\n\t\t\t\t\t<div  class=\"jeg-elementor-kit jkit-heading  align- align-tablet- align-mobile- jeg_module__1_69f0e92d4ee7e\" ><div class=\"heading-section-title  display-inline-block\"><h1 class=\"heading-title\">Rejoindre <span class=\"style-color\"><span>Overto <\/span><\/span> : contribuer \u00e0 des projets qui transforment r\u00e9ellement les organisations<\/h1><\/div><\/div>\t\t\t\t<\/div>\n\t\t\t\t<\/div>\n\t\t\t\t<div class=\"elementor-element elementor-element-ce77acf elementor-widget__width-initial elementor-widget elementor-widget-text-editor\" data-id=\"ce77acf\" data-element_type=\"widget\" data-widget_type=\"text-editor.default\">\n\t\t\t\t<div class=\"elementor-widget-container\">\n\t\t\t\t\t\t\t\t\t<p>Chez Overto, nous ne faisons pas \u201cdu CRM\u201d.<br \/>Nous accompagnons des entreprises ambitieuses dans des <strong>transformations strat\u00e9giques complexes<\/strong>, en alignant leurs processus, leurs donn\u00e9es et leurs \u00e9quipes autour de plateformes puissantes comme Salesforce, Dynamics ou Zoho.<\/p><p>Rejoindre Overto, c\u2019est int\u00e9grer un cabinet ind\u00e9pendant qui <strong>valorise la rigueur, l\u2019autonomie et l\u2019intelligence collective<\/strong>, au service de r\u00e9sultats mesurables chez nos clients.<\/p>\t\t\t\t\t\t\t\t<\/div>\n\t\t\t\t<\/div>\n\t\t\t\t<\/div>\n\t\t<div class=\"elementor-element elementor-element-7dd4e9e e-con-full elementor-hidden-tablet elementor-hidden-mobile e-flex e-con e-child\" data-id=\"7dd4e9e\" data-element_type=\"container\">\n\t\t\t\t<\/div>\n\t\t\t\t<\/div>\n\t\t<div class=\"elementor-element elementor-element-7294f30 e-flex e-con-boxed e-con e-parent\" data-id=\"7294f30\" data-element_type=\"container\">\n\t\t\t\t\t<div class=\"e-con-inner\">\n\t\t<div class=\"elementor-element elementor-element-c7caf39 e-con-full e-flex e-con e-child\" data-id=\"c7caf39\" data-element_type=\"container\">\n\t\t\t\t<div class=\"elementor-element elementor-element-42e55fe elementor-widget elementor-widget-jkit_heading\" data-id=\"42e55fe\" data-element_type=\"widget\" data-widget_type=\"jkit_heading.default\">\n\t\t\t\t<div class=\"elementor-widget-container\">\n\t\t\t\t\t<div  class=\"jeg-elementor-kit jkit-heading  align- align-tablet- align-mobile-left jeg_module__2_69f0e92d4fefa\" ><div class=\"heading-section-title  display-inline-block\"><h1 class=\"heading-title\">Pourquoi nous rejoindre ?<\/h1><\/div><\/div>\t\t\t\t<\/div>\n\t\t\t\t<\/div>\n\t\t\t\t<div class=\"elementor-element elementor-element-efe7e4d jkit-equal-height-disable elementor-widget elementor-widget-jkit_icon_box\" data-id=\"efe7e4d\" data-element_type=\"widget\" data-widget_type=\"jkit_icon_box.default\">\n\t\t\t\t<div class=\"elementor-widget-container\">\n\t\t\t\t\t<div  class=\"jeg-elementor-kit jkit-icon-box icon-position-left elementor-animation- jeg_module__3_69f0e92d52654\" ><div class=\"jkit-icon-box-wrapper hover-from-left\"><div class=\"icon-box icon-box-header elementor-animation-\"><div class=\"icon style-color\"><i aria-hidden=\"true\" class=\"jki jki-chart-bars-light\"><\/i><\/div><\/div><div class=\"icon-box icon-box-body\">\n                <h2 class=\"title\">Des missions \u00e0 fort impact<\/h2><p class=\"icon-box-description\">Vous travaillez sur des projets structurants, port\u00e9s par des directions g\u00e9n\u00e9rales, commerciales ou marketing, dans des secteurs vari\u00e9s.<\/p>\n            <\/div>\n            \n            <\/div><\/div>\t\t\t\t<\/div>\n\t\t\t\t<\/div>\n\t\t\t\t<div class=\"elementor-element elementor-element-c8a07ec jkit-equal-height-disable elementor-widget elementor-widget-jkit_icon_box\" data-id=\"c8a07ec\" data-element_type=\"widget\" data-widget_type=\"jkit_icon_box.default\">\n\t\t\t\t<div class=\"elementor-widget-container\">\n\t\t\t\t\t<div  class=\"jeg-elementor-kit jkit-icon-box icon-position-left elementor-animation- jeg_module__4_69f0e92d5325b\" ><div class=\"jkit-icon-box-wrapper hover-from-left\"><div class=\"icon-box icon-box-header elementor-animation-\"><div class=\"icon style-color\"><i aria-hidden=\"true\" class=\"jki jki-light-bulb-1-light\"><\/i><\/div><\/div><div class=\"icon-box icon-box-body\">\n                <h2 class=\"title\">Un cadre d\u2019excellence, sans complexit\u00e9 inutile<\/h2><p class=\"icon-box-description\">M\u00e9thodologies solides, outils \u00e9prouv\u00e9s, mais aussi souplesse, \u00e9coute et esprit entrepreneurial : nous privil\u00e9gions l\u2019efficacit\u00e9 sur la bureaucratie.<\/p>\n            <\/div>\n            \n            <\/div><\/div>\t\t\t\t<\/div>\n\t\t\t\t<\/div>\n\t\t\t\t<div class=\"elementor-element elementor-element-5a333cf jkit-equal-height-disable elementor-widget elementor-widget-jkit_icon_box\" data-id=\"5a333cf\" data-element_type=\"widget\" data-widget_type=\"jkit_icon_box.default\">\n\t\t\t\t<div class=\"elementor-widget-container\">\n\t\t\t\t\t<div  class=\"jeg-elementor-kit jkit-icon-box icon-position-left elementor-animation- jeg_module__5_69f0e92d53d3a\" ><div class=\"jkit-icon-box-wrapper hover-from-left\"><div class=\"icon-box icon-box-header elementor-animation-\"><div class=\"icon style-color\"><i aria-hidden=\"true\" class=\"jki jki-handshake-light\"><\/i><\/div><\/div><div class=\"icon-box icon-box-body\">\n                <h2 class=\"title\">Un environnement stimulant et bienveillant<\/h2><p class=\"icon-box-description\">Chez Overto, vous \u00e9voluez aux c\u00f4t\u00e9s de coll\u00e8gues exigeants et passionn\u00e9s. Nous avan\u00e7ons ensemble, sans ego, avec l\u2019envie de progresser \u00e0 chaque mission.<\/p>\n            <\/div>\n            \n            <\/div><\/div>\t\t\t\t<\/div>\n\t\t\t\t<\/div>\n\t\t\t\t<\/div>\n\t\t<div class=\"elementor-element elementor-element-0faf900 e-con-full e-flex e-con e-child\" data-id=\"0faf900\" data-element_type=\"container\">\n\t\t\t\t<div class=\"elementor-element elementor-element-4134bac elementor-widget elementor-widget-image\" data-id=\"4134bac\" data-element_type=\"widget\" data-widget_type=\"image.default\">\n\t\t\t\t<div class=\"elementor-widget-container\">\n\t\t\t\t\t\t\t\t\t\t\t\t\t\t\t<img fetchpriority=\"high\" decoding=\"async\" width=\"2000\" height=\"1333\" src=\"https:\/\/www.overto.fr\/wp-content\/uploads\/2025\/04\/human-resource-team-having-job-interview-with-a-candidate-in-the-office-.jpg\" class=\"attachment-full size-full wp-image-2324\" alt=\"Human resource team having job interview with a candidate in the office.\" srcset=\"https:\/\/www.overto.fr\/wp-content\/uploads\/2025\/04\/human-resource-team-having-job-interview-with-a-candidate-in-the-office-.jpg 2000w, https:\/\/www.overto.fr\/wp-content\/uploads\/2025\/04\/human-resource-team-having-job-interview-with-a-candidate-in-the-office--300x200.jpg 300w, https:\/\/www.overto.fr\/wp-content\/uploads\/2025\/04\/human-resource-team-having-job-interview-with-a-candidate-in-the-office--1024x682.jpg 1024w, https:\/\/www.overto.fr\/wp-content\/uploads\/2025\/04\/human-resource-team-having-job-interview-with-a-candidate-in-the-office--768x512.jpg 768w, https:\/\/www.overto.fr\/wp-content\/uploads\/2025\/04\/human-resource-team-having-job-interview-with-a-candidate-in-the-office--1536x1024.jpg 1536w\" sizes=\"(max-width: 2000px) 100vw, 2000px\" \/>\t\t\t\t\t\t\t\t\t\t\t\t\t\t\t<\/div>\n\t\t\t\t<\/div>\n\t\t\t\t<\/div>\n\t\t\t\t\t<\/div>\n\t\t\t\t<\/div>\n\t\t<div class=\"elementor-element elementor-element-f7fbf6c e-flex e-con-boxed e-con e-parent\" data-id=\"f7fbf6c\" data-element_type=\"container\">\n\t\t\t\t\t<div class=\"e-con-inner\">\n\t\t<div class=\"elementor-element elementor-element-fce029a e-con-full e-flex e-con e-child\" data-id=\"fce029a\" data-element_type=\"container\">\n\t\t\t\t<div class=\"elementor-element elementor-element-6e470f5 elementor-widget elementor-widget-image\" data-id=\"6e470f5\" data-element_type=\"widget\" data-widget_type=\"image.default\">\n\t\t\t\t<div class=\"elementor-widget-container\">\n\t\t\t\t\t\t\t\t\t\t\t\t\t\t\t<img decoding=\"async\" width=\"2000\" height=\"1333\" src=\"https:\/\/www.overto.fr\/wp-content\/uploads\/2025\/04\/businesswoman-at-whiteboard-giving-presentation-in-boardroom.jpg\" class=\"attachment-full size-full wp-image-2325\" alt=\"Businesswoman At Whiteboard Giving Presentation In Boardroom\" srcset=\"https:\/\/www.overto.fr\/wp-content\/uploads\/2025\/04\/businesswoman-at-whiteboard-giving-presentation-in-boardroom.jpg 2000w, https:\/\/www.overto.fr\/wp-content\/uploads\/2025\/04\/businesswoman-at-whiteboard-giving-presentation-in-boardroom-300x200.jpg 300w, https:\/\/www.overto.fr\/wp-content\/uploads\/2025\/04\/businesswoman-at-whiteboard-giving-presentation-in-boardroom-1024x682.jpg 1024w, https:\/\/www.overto.fr\/wp-content\/uploads\/2025\/04\/businesswoman-at-whiteboard-giving-presentation-in-boardroom-768x512.jpg 768w, https:\/\/www.overto.fr\/wp-content\/uploads\/2025\/04\/businesswoman-at-whiteboard-giving-presentation-in-boardroom-1536x1024.jpg 1536w\" sizes=\"(max-width: 2000px) 100vw, 2000px\" \/>\t\t\t\t\t\t\t\t\t\t\t\t\t\t\t<\/div>\n\t\t\t\t<\/div>\n\t\t\t\t<\/div>\n\t\t<div class=\"elementor-element elementor-element-f12d2ee e-con-full e-flex e-con e-child\" data-id=\"f12d2ee\" data-element_type=\"container\">\n\t\t\t\t<div class=\"elementor-element elementor-element-12f5442 elementor-widget elementor-widget-jkit_heading\" data-id=\"12f5442\" data-element_type=\"widget\" data-widget_type=\"jkit_heading.default\">\n\t\t\t\t<div class=\"elementor-widget-container\">\n\t\t\t\t\t<div  class=\"jeg-elementor-kit jkit-heading  align- align-tablet- align-mobile-left jeg_module__6_69f0e92d54766\" ><div class=\"heading-section-title  display-inline-block\"><h1 class=\"heading-title\">Notre culture : engagement, autonomie, excellence<\/h1><\/div><\/div>\t\t\t\t<\/div>\n\t\t\t\t<\/div>\n\t\t\t\t<div class=\"elementor-element elementor-element-3e0637b elementor-widget elementor-widget-text-editor\" data-id=\"3e0637b\" data-element_type=\"widget\" data-widget_type=\"text-editor.default\">\n\t\t\t\t<div class=\"elementor-widget-container\">\n\t\t\t\t\t\t\t\t\t<p>Nous croyons que l\u2019impact vient de la clart\u00e9, de la m\u00e9thode\u2026 et des talents.<br \/>C\u2019est pourquoi nous donnons \u00e0 chacun <strong>la libert\u00e9 d\u2019exprimer son expertise<\/strong>, de proposer des id\u00e9es nouvelles et de faire \u00e9voluer nos pratiques.<\/p><p>Notre philosophie est simple :<\/p><ul><li>L\u2019innovation na\u00eet de la curiosit\u00e9.<\/li><li>L\u2019excellence na\u00eet de l\u2019ex\u00e9cution.<\/li><li>La performance na\u00eet du collectif.<\/li><\/ul>\t\t\t\t\t\t\t\t<\/div>\n\t\t\t\t<\/div>\n\t\t\t\t<\/div>\n\t\t\t\t\t<\/div>\n\t\t\t\t<\/div>\n\t\t<div class=\"elementor-element elementor-element-65b93d7 e-flex e-con-boxed e-con e-parent\" data-id=\"65b93d7\" data-element_type=\"container\">\n\t\t\t\t\t<div class=\"e-con-inner\">\n\t\t<div class=\"elementor-element elementor-element-f0fbc69 e-con-full e-flex e-con e-child\" data-id=\"f0fbc69\" data-element_type=\"container\">\n\t\t\t\t<div class=\"elementor-element elementor-element-11101f0 elementor-widget elementor-widget-jkit_heading\" data-id=\"11101f0\" data-element_type=\"widget\" data-widget_type=\"jkit_heading.default\">\n\t\t\t\t<div class=\"elementor-widget-container\">\n\t\t\t\t\t<div  class=\"jeg-elementor-kit jkit-heading  align- align-tablet- align-mobile-left jeg_module__7_69f0e92d556cf\" ><div class=\"heading-section-title  display-inline-block\"><h1 class=\"heading-title\">Votre \u00e9volution chez Overto<\/h1><\/div><\/div>\t\t\t\t<\/div>\n\t\t\t\t<\/div>\n\t\t\t\t<div class=\"elementor-element elementor-element-196b21f jkit-equal-height-disable elementor-widget elementor-widget-jkit_icon_box\" data-id=\"196b21f\" data-element_type=\"widget\" data-widget_type=\"jkit_icon_box.default\">\n\t\t\t\t<div class=\"elementor-widget-container\">\n\t\t\t\t\t<div  class=\"jeg-elementor-kit jkit-icon-box icon-position-left elementor-animation- jeg_module__8_69f0e92d5619a\" ><div class=\"jkit-icon-box-wrapper hover-from-left\"><div class=\"icon-box icon-box-header elementor-animation-\"><div class=\"icon style-color\"><i aria-hidden=\"true\" class=\"jki jki-chart-bars-light\"><\/i><\/div><\/div><div class=\"icon-box icon-box-body\">\n                <h2 class=\"title\">Formations cibl\u00e9es et mentoring personnalis\u00e9<\/h2><p class=\"icon-box-description\">Vous progressez au contact de profils exp\u00e9riment\u00e9s, dans un cadre structur\u00e9 mais souple.<\/p>\n            <\/div>\n            \n            <\/div><\/div>\t\t\t\t<\/div>\n\t\t\t\t<\/div>\n\t\t\t\t<div class=\"elementor-element elementor-element-4929888 jkit-equal-height-disable elementor-widget elementor-widget-jkit_icon_box\" data-id=\"4929888\" data-element_type=\"widget\" data-widget_type=\"jkit_icon_box.default\">\n\t\t\t\t<div class=\"elementor-widget-container\">\n\t\t\t\t\t<div  class=\"jeg-elementor-kit jkit-icon-box icon-position-left elementor-animation- jeg_module__9_69f0e92d56c2c\" ><div class=\"jkit-icon-box-wrapper hover-from-left\"><div class=\"icon-box icon-box-header elementor-animation-\"><div class=\"icon style-color\"><i aria-hidden=\"true\" class=\"jki jki-light-bulb-1-light\"><\/i><\/div><\/div><div class=\"icon-box icon-box-body\">\n                <h2 class=\"title\">Des perspectives claires<\/h2><p class=\"icon-box-description\">Consultant, chef de projet, architecte CRM, manager, directeur de mission\u2026 Vous avez la main sur votre trajectoire.<\/p>\n            <\/div>\n            \n            <\/div><\/div>\t\t\t\t<\/div>\n\t\t\t\t<\/div>\n\t\t\t\t<div class=\"elementor-element elementor-element-06475aa jkit-equal-height-disable elementor-widget elementor-widget-jkit_icon_box\" data-id=\"06475aa\" data-element_type=\"widget\" data-widget_type=\"jkit_icon_box.default\">\n\t\t\t\t<div class=\"elementor-widget-container\">\n\t\t\t\t\t<div  class=\"jeg-elementor-kit jkit-icon-box icon-position-left elementor-animation- jeg_module__10_69f0e92d576ea\" ><div class=\"jkit-icon-box-wrapper hover-from-left\"><div class=\"icon-box icon-box-header elementor-animation-\"><div class=\"icon style-color\"><i aria-hidden=\"true\" class=\"jki jki-handshake-light\"><\/i><\/div><\/div><div class=\"icon-box icon-box-body\">\n                <h2 class=\"title\">Un mod\u00e8le hybride, adapt\u00e9 \u00e0 votre rythme<\/h2><p class=\"icon-box-description\">T\u00e9l\u00e9travail, mobilit\u00e9, gestion du temps : nous privil\u00e9gions la confiance et l\u2019efficacit\u00e9.<\/p>\n            <\/div>\n            \n            <\/div><\/div>\t\t\t\t<\/div>\n\t\t\t\t<\/div>\n\t\t\t\t<\/div>\n\t\t<div class=\"elementor-element elementor-element-f704517 e-con-full e-flex e-con e-child\" data-id=\"f704517\" data-element_type=\"container\">\n\t\t\t\t<div class=\"elementor-element elementor-element-d0ce964 elementor-widget elementor-widget-image\" data-id=\"d0ce964\" data-element_type=\"widget\" data-widget_type=\"image.default\">\n\t\t\t\t<div class=\"elementor-widget-container\">\n\t\t\t\t\t\t\t\t\t\t\t\t\t\t\t<img decoding=\"async\" width=\"2000\" height=\"1333\" src=\"https:\/\/www.overto.fr\/wp-content\/uploads\/2025\/04\/career-growth-using-laptops-people-are-working-in-the-office-with-bean-bags-chairs-in-it.jpg\" class=\"attachment-full size-full wp-image-2329\" alt=\"Career growth. Using laptops. People are working in the office with bean bags chairs in it\" srcset=\"https:\/\/www.overto.fr\/wp-content\/uploads\/2025\/04\/career-growth-using-laptops-people-are-working-in-the-office-with-bean-bags-chairs-in-it.jpg 2000w, https:\/\/www.overto.fr\/wp-content\/uploads\/2025\/04\/career-growth-using-laptops-people-are-working-in-the-office-with-bean-bags-chairs-in-it-300x200.jpg 300w, https:\/\/www.overto.fr\/wp-content\/uploads\/2025\/04\/career-growth-using-laptops-people-are-working-in-the-office-with-bean-bags-chairs-in-it-1024x682.jpg 1024w, https:\/\/www.overto.fr\/wp-content\/uploads\/2025\/04\/career-growth-using-laptops-people-are-working-in-the-office-with-bean-bags-chairs-in-it-768x512.jpg 768w, https:\/\/www.overto.fr\/wp-content\/uploads\/2025\/04\/career-growth-using-laptops-people-are-working-in-the-office-with-bean-bags-chairs-in-it-1536x1024.jpg 1536w\" sizes=\"(max-width: 2000px) 100vw, 2000px\" \/>\t\t\t\t\t\t\t\t\t\t\t\t\t\t\t<\/div>\n\t\t\t\t<\/div>\n\t\t\t\t<\/div>\n\t\t\t\t\t<\/div>\n\t\t\t\t<\/div>\n\t\t<div class=\"elementor-element elementor-element-3b8577e e-flex e-con-boxed e-con e-parent\" data-id=\"3b8577e\" data-element_type=\"container\" data-settings=\"{&quot;background_background&quot;:&quot;classic&quot;}\">\n\t\t\t\t\t<div class=\"e-con-inner\">\n\t\t<div class=\"elementor-element elementor-element-404eb24 e-con-full e-flex e-con e-child\" data-id=\"404eb24\" data-element_type=\"container\">\n\t\t\t\t<div class=\"elementor-element elementor-element-a62463b elementor-widget elementor-widget-jkit_heading\" data-id=\"a62463b\" data-element_type=\"widget\" data-widget_type=\"jkit_heading.default\">\n\t\t\t\t<div class=\"elementor-widget-container\">\n\t\t\t\t\t<div  class=\"jeg-elementor-kit jkit-heading  align-center align-tablet- align-mobile-center jeg_module__11_69f0e92d58056\" ><div class=\"heading-section-title  display-inline-block\"><h1 class=\"heading-title\">Nos opportunit\u00e9s actuelles<\/h1><\/div><\/div>\t\t\t\t<\/div>\n\t\t\t\t<\/div>\n\t\t\t\t<div class=\"elementor-element elementor-element-0e001b6 elementor-widget elementor-widget-html\" data-id=\"0e001b6\" data-element_type=\"widget\" data-widget_type=\"html.default\">\n\t\t\t\t<div class=\"elementor-widget-container\">\n\t\t\t\t\t<link rel=\"stylesheet\" href=\"https:\/\/static.zohocdn.com\/recruit\/embed_careers_site\/css\/v1.1\/embed_jobs.css\" type=\"text\/css\">\r\n<div class=\"embed_jobs_head embed_jobs_with_style_1\">\r\n\t<div class=\"embed_jobs_head2\">\r\n\t\t<div class=\"embed_jobs_head3\">\r\n\t\t\t<div id=\"rec_job_listing_div\"> <\/div>\r\n\t\t\t<script type=\"text\/javascript\" src=\"https:\/\/static.zohocdn.com\/recruit\/embed_careers_site\/javascript\/v1.1\/embed_jobs.js\"><\/script>\r\n\t\t\t<script type=\"text\/javascript\">\r\n\t\t\trec_embed_js.load({\r\n\t\t\t\twidget_id:\"rec_job_listing_div\",\r\n\t\t\t\tpage_name:\"Careers\",\r\n\t\t\t\tsource:\"CareerSite\",\r\n\t\t\t\tsite:\"https:\/\/careers.overto.fr\",\r\n\t\t\t\tbrand_color:\"#002C5B\",\r\n\t\t\t\tempty_job_msg:\"No current Openings\"\r\n\t\t\t});\r\n\t\t\t<\/script>\r\n\t\t<\/div>\r\n\t<\/div>\r\n<\/div>\r\n\t\t\t\t<\/div>\n\t\t\t\t<\/div>\n\t\t\t\t<\/div>\n\t\t\t\t<div class=\"elementor-element elementor-element-21a4d59 e-transform elementor-widget elementor-widget-jkit_button\" data-id=\"21a4d59\" data-element_type=\"widget\" data-settings=\"{&quot;_transform_scale_effect_hover&quot;:{&quot;unit&quot;:&quot;px&quot;,&quot;size&quot;:1.03,&quot;sizes&quot;:[]},&quot;_transform_scale_effect_hover_tablet&quot;:{&quot;unit&quot;:&quot;px&quot;,&quot;size&quot;:&quot;&quot;,&quot;sizes&quot;:[]},&quot;_transform_scale_effect_hover_mobile&quot;:{&quot;unit&quot;:&quot;px&quot;,&quot;size&quot;:&quot;&quot;,&quot;sizes&quot;:[]}}\" data-widget_type=\"jkit_button.default\">\n\t\t\t\t<div class=\"elementor-widget-container\">\n\t\t\t\t\t<div  class=\"jeg-elementor-kit jkit-button  icon-position-after jeg_module__12_69f0e92d5b233\" ><a href=\"https:\/\/careers.overto.fr\/\" class=\"jkit-button-wrapper\" target=\"_blank\">Voir toutes nos offres<\/a><\/div>\t\t\t\t<\/div>\n\t\t\t\t<\/div>\n\t\t\t\t\t<\/div>\n\t\t\t\t<\/div>\n\t\t\t\t<\/div>","protected":false},"excerpt":{"rendered":"<p>Rejoindre Overto : contribuer \u00e0 des projets qui transforment r\u00e9ellement les organisations Chez Overto, nous ne faisons pas \u201cdu CRM\u201d.Nous accompagnons des entreprises ambitieuses dans des transformations strat\u00e9giques complexes, en alignant leurs processus, leurs donn\u00e9es et leurs \u00e9quipes autour de plateformes puissantes comme Salesforce, Dynamics ou Zoho. Rejoindre Overto, c\u2019est int\u00e9grer un cabinet ind\u00e9pendant qui [&hellip;]<\/p>","protected":false},"author":1,"featured_media":0,"parent":0,"menu_order":0,"comment_status":"closed","ping_status":"closed","template":"","meta":{"_acf_changed":false,"footnotes":""},"class_list":["post-2305","page","type-page","status-publish","hentry"],"acf":[],"_links":{"self":[{"href":"https:\/\/www.overto.fr\/en\/wp-json\/wp\/v2\/pages\/2305","targetHints":{"allow":["GET"]}}],"collection":[{"href":"https:\/\/www.overto.fr\/en\/wp-json\/wp\/v2\/pages"}],"about":[{"href":"https:\/\/www.overto.fr\/en\/wp-json\/wp\/v2\/types\/page"}],"author":[{"embeddable":true,"href":"https:\/\/www.overto.fr\/en\/wp-json\/wp\/v2\/users\/1"}],"replies":[{"embeddable":true,"href":"https:\/\/www.overto.fr\/en\/wp-json\/wp\/v2\/comments?post=2305"}],"version-history":[{"count":31,"href":"https:\/\/www.overto.fr\/en\/wp-json\/wp\/v2\/pages\/2305\/revisions"}],"predecessor-version":[{"id":2534,"href":"https:\/\/www.overto.fr\/en\/wp-json\/wp\/v2\/pages\/2305\/revisions\/2534"}],"wp:attachment":[{"href":"https:\/\/www.overto.fr\/en\/wp-json\/wp\/v2\/media?parent=2305"}],"curies":[{"name":"wp","href":"https:\/\/api.w.org\/{rel}","templated":true}]}}